{"id":425,"date":"2024-01-17T23:04:07","date_gmt":"2024-01-17T22:04:07","guid":{"rendered":"https:\/\/linguaviva.co\/pt\/?page_id=425"},"modified":"2024-08-14T14:25:25","modified_gmt":"2024-08-14T19:25:25","slug":"politicas-de-privacidade","status":"publish","type":"page","link":"https:\/\/linguaviva.co\/pt\/politicas-de-privacidade\/","title":{"rendered":"Pol\u00edticas De Privacidade"},"content":{"rendered":"\t\t<div data-elementor-type=\"wp-page\" data-elementor-id=\"425\" class=\"elementor elementor-425\" data-elementor-post-type=\"page\">\n\t\t\t\t<div class=\"elementor-element elementor-element-8e5eda0 e-flex e-con-boxed e-con e-parent\" data-id=\"8e5eda0\" data-element_type=\"container\" data-settings=\"{&quot;background_background&quot;:&quot;classic&quot;,&quot;jet_parallax_layout_list&quot;:[]}\">\n\t\t\t\t\t<div class=\"e-con-inner\">\n\t\t\t\t<div class=\"elementor-element elementor-element-d16eba9 elementor-widget elementor-widget-heading\" data-id=\"d16eba9\" data-element_type=\"widget\" data-widget_type=\"heading.default\">\n\t\t\t\t<div class=\"elementor-widget-container\">\n\t\t\t<h1 class=\"elementor-heading-title elementor-size-default\">POL\u00cdTICAS DE PRIVACIDADE<\/h1>\t\t<\/div>\n\t\t\t\t<\/div>\n\t\t\t\t\t<\/div>\n\t\t\t\t<\/div>\n\t\t<div class=\"elementor-element elementor-element-33ef814c e-flex e-con-boxed e-con e-parent\" data-id=\"33ef814c\" data-element_type=\"container\" data-settings=\"{&quot;jet_parallax_layout_list&quot;:[]}\">\n\t\t\t\t\t<div class=\"e-con-inner\">\n\t\t<div class=\"elementor-element elementor-element-a0c26c4 e-flex e-con-boxed e-con e-child\" data-id=\"a0c26c4\" data-element_type=\"container\" data-settings=\"{&quot;background_background&quot;:&quot;classic&quot;,&quot;jet_parallax_layout_list&quot;:[]}\">\n\t\t\t\t\t<div class=\"e-con-inner\">\n\t\t\t\t<div class=\"elementor-element elementor-element-2bee5dda elementor-widget elementor-widget-text-editor\" data-id=\"2bee5dda\" data-element_type=\"widget\" data-widget_type=\"text-editor.default\">\n\t\t\t\t<div class=\"elementor-widget-container\">\n\t\t\t\t\t\t\t<!-- wp:paragraph -->\n<p>Esta Pol\u00edtica de Privacidade define os termos segundo os quais a LINGUA VIVA S.A.S usa e protege as informa\u00e7\u00f5es fornecidas pelos seus usu\u00e1rios no momento de usar o seu site. Esta empresa est\u00e1 comprometida com a seguran\u00e7a dos dados dos seus usu\u00e1rios. Quando pedimos que voc\u00ea preencha os campos de informa\u00e7\u00f5es pessoais com os quais voc\u00ea pode ser identificado, fazemos isso garantindo que as informa\u00e7\u00f5es s\u00f3 ser\u00e3o utilizadas de acordo com os termos deste documento. No entanto, esta Pol\u00edtica de Privacidade pode mudar ao longo do tempo ou ser atualizada. Por esse motivo, recomendamos e enfatizamos continuamente que voc\u00ea revise esta p\u00e1gina para garantir que voc\u00ea concorda com essas altera\u00e7\u00f5es.<br \/><br \/><strong>Informa\u00e7\u00f5es coletadas<\/strong><\/p>\n<p>O nosso site pode coletar informa\u00e7\u00f5es pessoais como, por exemplo: nome, informa\u00e7\u00f5es de contato, como e-mail e informa\u00e7\u00f5es demogr\u00e1ficas. Da mesma forma, quando necess\u00e1rio, poder\u00e3o ser solicitadas informa\u00e7\u00f5es espec\u00edficas para processar um pedido ou fazer uma entrega ou fatura\u00e7\u00e3o.<br \/><br \/><strong>Uso das informa\u00e7\u00f5es coletadas<\/strong><\/p>\n<p>O nosso site usa as informa\u00e7\u00f5es para prestar o melhor servi\u00e7o poss\u00edvel, principalmente para manter um registro de usu\u00e1rios, pedidos, se aplic\u00e1vel, e para melhorar os nossos produtos e servi\u00e7os. Os e-mails podem ser enviados periodicamente atrav\u00e9s do nosso site com ofertas especiais, novos produtos e outras informa\u00e7\u00f5es publicit\u00e1rias que consideramos relevantes para voc\u00ea ou que possam fornecer qualquer benef\u00edcio. Esses e-mails ser\u00e3o enviados para o endere\u00e7o que voc\u00ea fornecer e podem ser cancelados a qualquer momento.<br \/>A LINGUA VIVA S.A.S est\u00e1 altamente empenhada em cumprir o compromisso de manter os seus dados seguros. Usamos os sistemas mais avan\u00e7ados e os atualizamos constantemente para garantir que n\u00e3o haja acesso n\u00e3o autorizado.<br \/><br \/><strong>Cookies<\/strong><\/p>\n<p>Cookie \u00e9 um arquivo enviado que tem como objetivo pedir permiss\u00e3o para ser armazenado no seu computador. Ao aceitar esse arquivo, o cookie servir\u00e1 para obter informa\u00e7\u00e3o a respeito do tr\u00e1fego na web, al\u00e9m de facilitar as visitas futuras a um site recorrente. A outra fun\u00e7\u00e3o dos cookies \u00e9 permitir que os sites possam reconhecer voc\u00ea individualmente e, portanto, prestar o melhor servi\u00e7o personalizado no seu site.<br \/>O nosso site utiliza cookies para identificar as p\u00e1ginas acessadas e a sua frequ\u00eancia. Esta informa\u00e7\u00e3o \u00e9 usada apenas para an\u00e1lise estat\u00edstica e, posteriormente, as informa\u00e7\u00f5es s\u00e3o apagadas permanentemente. Voc\u00ea pode apagar os cookies do seu computador a qualquer momento. No entanto, os cookies ajudam a prestar um melhor servi\u00e7o nos sites. Eles n\u00e3o d\u00e3o acesso a informa\u00e7\u00f5es do seu computador ou sobre voc\u00ea, a menos que voc\u00ea queira e forne\u00e7a essas informa\u00e7\u00f5es diretamente. Voc\u00ea pode aceitar ou negar o uso de cookies. No entanto, a maioria dos navegadores aceita cookies automaticamente, pois eles servem para receber um melhor servi\u00e7o web. Al\u00e9m disso, voc\u00ea pode alterar a configura\u00e7\u00e3o do seu computador para recusar os cookies. Se os cookies forem recusados, \u00e9 poss\u00edvel que voc\u00ea n\u00e3o possa usar alguns dos nossos servi\u00e7os.<br \/><br \/><strong>Links para terceiros<\/strong><\/p>\n<p>Este site pode conter links para outros sites que podem ser do seu interesse. Ap\u00f3s clicar nestes links e sair do nosso site, n\u00e3o teremos controle sobre o site para o qual voc\u00ea ser\u00e1 direcionado. Portanto, n\u00e3o somos respons\u00e1veis pelos termos ou privacidade ou pela prote\u00e7\u00e3o dos seus dados nos sites de terceiros. Estes sites est\u00e3o sujeitos \u00e0s suas pr\u00f3prias pol\u00edticas de privacidade. Por isso, recomenda-se que voc\u00ea os verifique para confirmar se concorda com eles.<br \/><br \/><strong>Controle das suas informa\u00e7\u00f5es pessoais<\/strong><\/p>\n<p>A qualquer momento, voc\u00ea pode restringir a coleta ou uso das informa\u00e7\u00f5es pessoais que s\u00e3o fornecidas ao nosso site. Sempre que for solicitado que voc\u00ea preencha um formul\u00e1rio como, por exemplo, o formul\u00e1rio de registro de usu\u00e1rio, voc\u00ea poder\u00e1 marcar ou desmarcar a op\u00e7\u00e3o de receber informa\u00e7\u00f5es por e-mail. Caso tenha marcado a op\u00e7\u00e3o de receber ao nosso boletim informativo ou publicidade, voc\u00ea pode cancelar a assinatura a qualquer momento.<br \/>Esta empresa n\u00e3o vender\u00e1, ceder\u00e1 ou distribuir\u00e1 informa\u00e7\u00f5es pessoais coletadas sem o seu consentimento, a menos que seja exigido por um juiz com uma ordem judicial. A LINGUA VIVA S.A.S reserva-se o direito de alterar os termos desta Pol\u00edtica de Privacidade a qualquer momento.<\/p>\n<!-- \/wp:paragraph -->\t\t\t\t\t\t<\/div>\n\t\t\t\t<\/div>\n\t\t\t\t<div class=\"elementor-element elementor-element-9987ac0 elementor-widget elementor-widget-button\" data-id=\"9987ac0\" data-element_type=\"widget\" data-widget_type=\"button.default\">\n\t\t\t\t<div class=\"elementor-widget-container\">\n\t\t\t\t\t<div class=\"elementor-button-wrapper\">\n\t\t\t<a class=\"elementor-button elementor-button-link elementor-size-sm elementor-animation-grow\" href=\"https:\/\/linguaviva.co\/pt\">\n\t\t\t\t\t\t<span class=\"elementor-button-content-wrapper\">\n\t\t\t\t\t\t\t\t\t<span class=\"elementor-button-text\">Retornar<\/span>\n\t\t\t\t\t<\/span>\n\t\t\t\t\t<\/a>\n\t\t<\/div>\n\t\t\t\t<\/div>\n\t\t\t\t<\/div>\n\t\t\t\t\t<\/div>\n\t\t\t\t<\/div>\n\t\t\t\t\t<\/div>\n\t\t\t\t<\/div>\n\t\t\t\t<\/div>\n\t\t","protected":false},"excerpt":{"rendered":"<p>POL\u00cdTICAS DE PRIVACIDADE Esta Pol\u00edtica de Privacidade define os termos segundo os quais a LINGUA VIVA S.A.S usa e protege as informa\u00e7\u00f5es fornecidas pelos seus usu\u00e1rios no momento de usar o seu site. Esta empresa est\u00e1 comprometida com a seguran\u00e7a dos dados dos seus usu\u00e1rios. Quando pedimos que voc\u00ea preencha os campos de informa\u00e7\u00f5es pessoais [&hellip;]<\/p>\n","protected":false},"author":1,"featured_media":0,"parent":0,"menu_order":0,"comment_status":"closed","ping_status":"closed","template":"","meta":{"footnotes":""},"class_list":["post-425","page","type-page","status-publish","hentry"],"_links":{"self":[{"href":"https:\/\/linguaviva.co\/pt\/wp-json\/wp\/v2\/pages\/425","targetHints":{"allow":["GET"]}}],"collection":[{"href":"https:\/\/linguaviva.co\/pt\/wp-json\/wp\/v2\/pages"}],"about":[{"href":"https:\/\/linguaviva.co\/pt\/wp-json\/wp\/v2\/types\/page"}],"author":[{"embeddable":true,"href":"https:\/\/linguaviva.co\/pt\/wp-json\/wp\/v2\/users\/1"}],"replies":[{"embeddable":true,"href":"https:\/\/linguaviva.co\/pt\/wp-json\/wp\/v2\/comments?post=425"}],"version-history":[{"count":17,"href":"https:\/\/linguaviva.co\/pt\/wp-json\/wp\/v2\/pages\/425\/revisions"}],"predecessor-version":[{"id":1488,"href":"https:\/\/linguaviva.co\/pt\/wp-json\/wp\/v2\/pages\/425\/revisions\/1488"}],"wp:attachment":[{"href":"https:\/\/linguaviva.co\/pt\/wp-json\/wp\/v2\/media?parent=425"}],"curies":[{"name":"wp","href":"https:\/\/api.w.org\/{rel}","templated":true}]}}